{"id":106,"date":"2016-10-11T09:24:13","date_gmt":"2016-10-11T07:24:13","guid":{"rendered":"http:\/\/sonnenschein-wertingen.de\/?page_id=106"},"modified":"2021-11-12T09:49:07","modified_gmt":"2021-11-12T08:49:07","slug":"paedagogische-arbeit","status":"publish","type":"page","link":"https:\/\/sonnenschein-wertingen.de\/?page_id=106","title":{"rendered":"Spielm\u00f6glichkeiten"},"content":{"rendered":"\t\t<div data-elementor-type=\"wp-post\" data-elementor-id=\"106\" class=\"elementor elementor-106\">\n\t\t\t\t\t\t<div class=\"elementor-inner\">\n\t\t\t\t<div class=\"elementor-section-wrap\">\n\t\t\t\t\t\t\t\t\t<section class=\"elementor-section elementor-top-section elementor-element elementor-element-dmhlaks elementor-section-boxed elementor-section-height-default elementor-section-height-default\" data-id=\"dmhlaks\" data-element_type=\"section\">\n\t\t\t\t\t\t<div class=\"elementor-container elementor-column-gap-default\">\n\t\t\t\t\t\t\t<div class=\"elementor-row\">\n\t\t\t\t\t<div class=\"elementor-column elementor-col-100 elementor-top-column elementor-element elementor-element-mtuclsa\" data-id=\"mtuclsa\" data-element_type=\"column\">\n\t\t\t<div class=\"elementor-column-wrap elementor-element-populated\">\n\t\t\t\t\t\t\t<div class=\"elementor-widget-wrap\">\n\t\t\t\t\t\t<div class=\"elementor-element elementor-element-b26wv8o elementor-widget elementor-widget-heading\" data-id=\"b26wv8o\" data-element_type=\"widget\" data-widget_type=\"heading.default\">\n\t\t\t\t<div class=\"elementor-widget-container\">\n\t\t\t<p class=\"elementor-heading-title elementor-size-default\">Die Kinder finden Spiel- und Bewegungsm\u00f6glichkeiten im ganzen Haus<\/p>\t\t<\/div>\n\t\t\t\t<\/div>\n\t\t\t\t\t\t<\/div>\n\t\t\t\t\t<\/div>\n\t\t<\/div>\n\t\t\t\t\t\t\t\t<\/div>\n\t\t\t\t\t<\/div>\n\t\t<\/section>\n\t\t\t\t<section class=\"elementor-section elementor-top-section elementor-element elementor-element-wb3ga8f elementor-section-boxed elementor-section-height-default elementor-section-height-default\" data-id=\"wb3ga8f\" data-element_type=\"section\">\n\t\t\t\t\t\t<div class=\"elementor-container elementor-column-gap-default\">\n\t\t\t\t\t\t\t<div class=\"elementor-row\">\n\t\t\t\t\t<div class=\"elementor-column elementor-col-100 elementor-top-column elementor-element elementor-element-8pj6jcy\" data-id=\"8pj6jcy\" data-element_type=\"column\">\n\t\t\t<div class=\"elementor-column-wrap elementor-element-populated\">\n\t\t\t\t\t\t\t<div class=\"elementor-widget-wrap\">\n\t\t\t\t\t\t<div class=\"elementor-element elementor-element-vf4gax3 elementor-widget elementor-widget-text-editor\" data-id=\"vf4gax3\" data-element_type=\"widget\" data-widget_type=\"text-editor.default\">\n\t\t\t\t<div class=\"elementor-widget-container\">\n\t\t\t\t\t\t\t\t<div class=\"elementor-text-editor elementor-clearfix\">\n\t\t\t\t<p><span style=\"font-family: georgia, palatino, serif; font-size: 12pt; color: #000000;\">Neben unseren ger\u00e4umigen Gruppen- und Nebenr\u00e4umen der Stammgruppen l\u00e4dt unser ganzes Haus ihre Kinder zum Erleben, Lernen und Erfahren ein.\u00a0<\/span><\/p><p><span style=\"color: #000000; font-family: georgia, palatino, serif; font-size: 12pt;\">Im Gang, Garten und Keller erwartet die Kinder einige Highlights unseres Hauses, die ihnen eine Vielzahl an Lern- und Erfahrungsm\u00f6glichkeiten bieten.\u00a0<\/span><\/p>\t\t\t\t\t<\/div>\n\t\t\t\t\t\t<\/div>\n\t\t\t\t<\/div>\n\t\t\t\t<div class=\"elementor-element elementor-element-7aeae4a elementor-arrows-position-inside elementor-pagination-position-outside elementor-widget elementor-widget-image-carousel\" data-id=\"7aeae4a\" data-element_type=\"widget\" data-settings=\"{&quot;slides_to_show&quot;:&quot;1&quot;,&quot;navigation&quot;:&quot;both&quot;,&quot;autoplay&quot;:&quot;yes&quot;,&quot;pause_on_hover&quot;:&quot;yes&quot;,&quot;pause_on_interaction&quot;:&quot;yes&quot;,&quot;autoplay_speed&quot;:5000,&quot;infinite&quot;:&quot;yes&quot;,&quot;effect&quot;:&quot;slide&quot;,&quot;speed&quot;:500}\" data-widget_type=\"image-carousel.default\">\n\t\t\t\t<div class=\"elementor-widget-container\">\n\t\t\t\t\t<div class=\"elementor-image-carousel-wrapper swiper-container\" dir=\"ltr\">\n\t\t\t<div class=\"elementor-image-carousel swiper-wrapper\">\n\t\t\t\t\t\t\t\t<div class=\"swiper-slide\"><figure class=\"swiper-slide-inner\"><img class=\"swiper-slide-image\" src=\"https:\/\/sonnenschein-wertingen.de\/wp-content\/uploads\/elementor\/thumbs\/IMG_2168-o1zzvna9wc87ta1rtgg7il6rsa54g4rcowogajfgq8.jpg\" alt=\"Unser Piratenschiff mit riesigen Legobausteinen (Gang EG)\" \/><figcaption class=\"elementor-image-carousel-caption\">Unser Piratenschiff mit riesigen Legobausteinen (Gang EG)<\/figcaption><\/figure><\/div><div class=\"swiper-slide\"><figure class=\"swiper-slide-inner\"><img class=\"swiper-slide-image\" src=\"https:\/\/sonnenschein-wertingen.de\/wp-content\/uploads\/elementor\/thumbs\/IMG_2178-o1zzvmcfpi6xho34yy1ky3fb6w9r8fnmcs0yt9guwg.jpg\" alt=\"Unsere Kletterwand (Gang EG)\" \/><figcaption class=\"elementor-image-carousel-caption\">Unsere Kletterwand (Gang EG)<\/figcaption><\/figure><\/div><div class=\"swiper-slide\"><figure class=\"swiper-slide-inner\"><img class=\"swiper-slide-image\" src=\"https:\/\/sonnenschein-wertingen.de\/wp-content\/uploads\/elementor\/thumbs\/IMG_2158-o1zzvmcfpi6xho34yy1ky3fb6w9r8fnmcs0yt9guwg.jpg\" alt=\"Unser Kicker (Gang EG)\" \/><figcaption class=\"elementor-image-carousel-caption\">Unser Kicker (Gang EG)<\/figcaption><\/figure><\/div><div class=\"swiper-slide\"><figure class=\"swiper-slide-inner\"><img class=\"swiper-slide-image\" src=\"https:\/\/sonnenschein-wertingen.de\/wp-content\/uploads\/elementor\/thumbs\/IMG_2143-o1zzvmcfpi6xho34yy1ky3fb6w9r8fnmcs0yt9guwg.jpg\" alt=\"Unsere Chillecke (1. Stock)\" \/><figcaption class=\"elementor-image-carousel-caption\">Unsere Chillecke (1. Stock)<\/figcaption><\/figure><\/div><div class=\"swiper-slide\"><figure class=\"swiper-slide-inner\"><img class=\"swiper-slide-image\" src=\"https:\/\/sonnenschein-wertingen.de\/wp-content\/uploads\/elementor\/thumbs\/IMG_4473-o1zzvmcfpi6xho34yy1ky3fb6w9r8fnmcs0yt9guwg.jpg\" alt=\"Kinderwerkstatt (Keller)\" \/><figcaption class=\"elementor-image-carousel-caption\">Kinderwerkstatt (Keller)<\/figcaption><\/figure><\/div><div class=\"swiper-slide\"><figure class=\"swiper-slide-inner\"><img class=\"swiper-slide-image\" src=\"https:\/\/sonnenschein-wertingen.de\/wp-content\/uploads\/elementor\/thumbs\/IMG_2228-o1zzvmcfpi6xho34yy1ky3fb6w9r8fnmcs0yt9guwg.jpg\" alt=\"Kletterm\u00f6glichkeiten (Garten)\" \/><figcaption class=\"elementor-image-carousel-caption\">Kletterm\u00f6glichkeiten (Garten)<\/figcaption><\/figure><\/div><div class=\"swiper-slide\"><figure class=\"swiper-slide-inner\"><img class=\"swiper-slide-image\" src=\"https:\/\/sonnenschein-wertingen.de\/wp-content\/uploads\/elementor\/thumbs\/IMG_2253-o1zzvmcfpi6xho34yy1ky3fb6w9r8fnmcs0yt9guwg.jpg\" alt=\"Vogelnestschaukel (Garten)\" \/><figcaption class=\"elementor-image-carousel-caption\">Vogelnestschaukel (Garten)<\/figcaption><\/figure><\/div>\t\t\t<\/div>\n\t\t\t\t\t\t\t\t\t\t\t\t<div class=\"swiper-pagination\"><\/div>\n\t\t\t\t\t\t\t\t\t\t\t\t\t<div class=\"elementor-swiper-button elementor-swiper-button-prev\">\n\t\t\t\t\t\t<i aria-hidden=\"true\" class=\"eicon-chevron-left\"><\/i>\t\t\t\t\t\t<span class=\"elementor-screen-only\">Zur\u00fcck<\/span>\n\t\t\t\t\t<\/div>\n\t\t\t\t\t<div class=\"elementor-swiper-button elementor-swiper-button-next\">\n\t\t\t\t\t\t<i aria-hidden=\"true\" class=\"eicon-chevron-right\"><\/i>\t\t\t\t\t\t<span class=\"elementor-screen-only\">Weiter<\/span>\n\t\t\t\t\t<\/div>\n\t\t\t\t\t\t\t\t\t<\/div>\n\t\t\t\t<\/div>\n\t\t\t\t<\/div>\n\t\t\t\t\t\t<\/div>\n\t\t\t\t\t<\/div>\n\t\t<\/div>\n\t\t\t\t\t\t\t\t<\/div>\n\t\t\t\t\t<\/div>\n\t\t<\/section>\n\t\t\t\t<section class=\"elementor-section elementor-top-section elementor-element elementor-element-lhtuk41 elementor-section-boxed elementor-section-height-default elementor-section-height-default\" data-id=\"lhtuk41\" data-element_type=\"section\">\n\t\t\t\t\t\t<div class=\"elementor-container elementor-column-gap-default\">\n\t\t\t\t\t\t\t<div class=\"elementor-row\">\n\t\t\t\t\t<div class=\"elementor-column elementor-col-100 elementor-top-column elementor-element elementor-element-ba2jiib\" data-id=\"ba2jiib\" data-element_type=\"column\">\n\t\t\t<div class=\"elementor-column-wrap elementor-element-populated\">\n\t\t\t\t\t\t\t<div class=\"elementor-widget-wrap\">\n\t\t\t\t\t\t<div class=\"elementor-element elementor-element-tamgku7 elementor-widget elementor-widget-text-editor\" data-id=\"tamgku7\" data-element_type=\"widget\" data-widget_type=\"text-editor.default\">\n\t\t\t\t<div class=\"elementor-widget-container\">\n\t\t\t\t\t\t\t\t<div class=\"elementor-text-editor elementor-clearfix\">\n\t\t\t\t<p><span style=\"color: #000000; font-family: georgia, palatino, serif; font-size: 12pt;\">Kinder aus allen Gruppen treffen sich hier, um gemeinsam zu spielen und sich kennen zu lernen.<\/span><br \/><span style=\"color: #000000; font-family: georgia, palatino, serif; font-size: 12pt;\">Unter dem Punkt \u201eKonzept\u201c finden Sie weitere p\u00e4dagogische Schwerpunkte unserer Arbeit im Kinderhaus Sonnenschein\u2026<\/span><\/p>\t\t\t\t\t<\/div>\n\t\t\t\t\t\t<\/div>\n\t\t\t\t<\/div>\n\t\t\t\t\t\t<\/div>\n\t\t\t\t\t<\/div>\n\t\t<\/div>\n\t\t\t\t\t\t\t\t<\/div>\n\t\t\t\t\t<\/div>\n\t\t<\/section>\n\t\t\t\t<section class=\"elementor-section elementor-top-section elementor-element elementor-element-7e1d775 elementor-section-boxed elementor-section-height-default elementor-section-height-default\" data-id=\"7e1d775\" data-element_type=\"section\">\n\t\t\t\t\t\t<div class=\"elementor-container elementor-column-gap-default\">\n\t\t\t\t\t\t\t<div class=\"elementor-row\">\n\t\t\t\t\t<div class=\"elementor-column elementor-col-100 elementor-top-column elementor-element elementor-element-5628e0c\" data-id=\"5628e0c\" data-element_type=\"column\">\n\t\t\t<div class=\"elementor-column-wrap\">\n\t\t\t\t\t\t\t<div class=\"elementor-widget-wrap\">\n\t\t\t\t\t\t\t\t<\/div>\n\t\t\t\t\t<\/div>\n\t\t<\/div>\n\t\t\t\t\t\t\t\t<\/div>\n\t\t\t\t\t<\/div>\n\t\t<\/section>\n\t\t\t\t\t\t\t\t\t<\/div>\n\t\t\t<\/div>\n\t\t\t\t\t<\/div>\n\t\t","protected":false},"excerpt":{"rendered":"<p>Die Kinder finden Spiel- und Bewegungsm\u00f6glichkeiten im ganzen Haus Neben unseren ger\u00e4umigen Gruppen- und Nebenr\u00e4umen der Stammgruppen l\u00e4dt unser ganzes Haus ihre Kinder zum Erleben, Lernen und Erfahren ein.\u00a0 Im Gang, Garten und Keller erwartet die Kinder einige Highlights unseres&hellip; <\/p>\n","protected":false},"author":1,"featured_media":0,"parent":0,"menu_order":0,"comment_status":"closed","ping_status":"closed","template":"","meta":[],"_links":{"self":[{"href":"https:\/\/sonnenschein-wertingen.de\/index.php?rest_route=\/wp\/v2\/pages\/106"}],"collection":[{"href":"https:\/\/sonnenschein-wertingen.de\/index.php?rest_route=\/wp\/v2\/pages"}],"about":[{"href":"https:\/\/sonnenschein-wertingen.de\/index.php?rest_route=\/wp\/v2\/types\/page"}],"author":[{"embeddable":true,"href":"https:\/\/sonnenschein-wertingen.de\/index.php?rest_route=\/wp\/v2\/users\/1"}],"replies":[{"embeddable":true,"href":"https:\/\/sonnenschein-wertingen.de\/index.php?rest_route=%2Fwp%2Fv2%2Fcomments&post=106"}],"version-history":[{"count":46,"href":"https:\/\/sonnenschein-wertingen.de\/index.php?rest_route=\/wp\/v2\/pages\/106\/revisions"}],"predecessor-version":[{"id":988,"href":"https:\/\/sonnenschein-wertingen.de\/index.php?rest_route=\/wp\/v2\/pages\/106\/revisions\/988"}],"wp:attachment":[{"href":"https:\/\/sonnenschein-wertingen.de\/index.php?rest_route=%2Fwp%2Fv2%2Fmedia&parent=106"}],"curies":[{"name":"wp","href":"https:\/\/api.w.org\/{rel}","templated":true}]}}