{"id":108,"date":"2016-10-11T09:24:24","date_gmt":"2016-10-11T07:24:24","guid":{"rendered":"http:\/\/sonnenschein-wertingen.de\/?page_id=108"},"modified":"2021-12-21T10:49:40","modified_gmt":"2021-12-21T09:49:40","slug":"konzept","status":"publish","type":"page","link":"https:\/\/sonnenschein-wertingen.de\/?page_id=108","title":{"rendered":"Konzept"},"content":{"rendered":"\t\t<div data-elementor-type=\"wp-post\" data-elementor-id=\"108\" class=\"elementor elementor-108\">\n\t\t\t\t\t\t<div class=\"elementor-inner\">\n\t\t\t\t<div class=\"elementor-section-wrap\">\n\t\t\t\t\t\t\t\t\t<section class=\"elementor-section elementor-top-section elementor-element elementor-element-osrjzeu elementor-section-boxed elementor-section-height-default elementor-section-height-default\" data-id=\"osrjzeu\" data-element_type=\"section\">\n\t\t\t\t\t\t<div class=\"elementor-container elementor-column-gap-default\">\n\t\t\t\t\t\t\t<div class=\"elementor-row\">\n\t\t\t\t\t<div class=\"elementor-column elementor-col-100 elementor-top-column elementor-element elementor-element-iwebjil\" data-id=\"iwebjil\" data-element_type=\"column\">\n\t\t\t<div class=\"elementor-column-wrap elementor-element-populated\">\n\t\t\t\t\t\t\t<div class=\"elementor-widget-wrap\">\n\t\t\t\t\t\t<div class=\"elementor-element elementor-element-678m37d gallery-spacing-custom elementor-widget elementor-widget-image-gallery\" data-id=\"678m37d\" data-element_type=\"widget\" data-widget_type=\"image-gallery.default\">\n\t\t\t\t<div class=\"elementor-widget-container\">\n\t\t\t\t\t<div class=\"elementor-image-gallery\">\n\t\t\t<div id='gallery-1' class='gallery galleryid-108 gallery-columns-4 gallery-size-blog-medium'><figure class='gallery-item'>\n\t\t\t<div class='gallery-icon landscape'>\n\t\t\t\t<img width=\"306\" height=\"205\" src=\"https:\/\/sonnenschein-wertingen.de\/wp-content\/uploads\/2016\/10\/IMG_4862-306x205.jpg\" class=\"attachment-blog-medium size-blog-medium\" alt=\"\" loading=\"lazy\" \/>\n\t\t\t<\/div><\/figure><figure class='gallery-item'>\n\t\t\t<div class='gallery-icon landscape'>\n\t\t\t\t<img width=\"306\" height=\"205\" src=\"https:\/\/sonnenschein-wertingen.de\/wp-content\/uploads\/2016\/10\/IMG_4742-306x205.jpg\" class=\"attachment-blog-medium size-blog-medium\" alt=\"\" loading=\"lazy\" \/>\n\t\t\t<\/div><\/figure><figure class='gallery-item'>\n\t\t\t<div class='gallery-icon landscape'>\n\t\t\t\t<img width=\"306\" height=\"205\" src=\"https:\/\/sonnenschein-wertingen.de\/wp-content\/uploads\/2016\/10\/IMG_4473-306x205.jpg\" class=\"attachment-blog-medium size-blog-medium\" alt=\"\" loading=\"lazy\" aria-describedby=\"gallery-1-305\" \/>\n\t\t\t<\/div>\n\t\t\t\t<figcaption class='wp-caption-text gallery-caption' id='gallery-1-305'>\n\t\t\t\tKinderwerkstatt (Keller)\n\t\t\t\t<\/figcaption><\/figure><figure class='gallery-item'>\n\t\t\t<div class='gallery-icon landscape'>\n\t\t\t\t<img width=\"306\" height=\"205\" src=\"https:\/\/sonnenschein-wertingen.de\/wp-content\/uploads\/2016\/10\/IMG_4118-306x205.jpg\" class=\"attachment-blog-medium size-blog-medium\" alt=\"\" loading=\"lazy\" \/>\n\t\t\t<\/div><\/figure>\n\t\t<\/div>\n\t\t<\/div>\n\t\t\t\t<\/div>\n\t\t\t\t<\/div>\n\t\t\t\t\t\t<\/div>\n\t\t\t\t\t<\/div>\n\t\t<\/div>\n\t\t\t\t\t\t\t\t<\/div>\n\t\t\t\t\t<\/div>\n\t\t<\/section>\n\t\t\t\t<section class=\"elementor-section elementor-top-section elementor-element elementor-element-m6grqmb elementor-section-boxed elementor-section-height-default elementor-section-height-default\" data-id=\"m6grqmb\" data-element_type=\"section\">\n\t\t\t\t\t\t<div class=\"elementor-container elementor-column-gap-default\">\n\t\t\t\t\t\t\t<div class=\"elementor-row\">\n\t\t\t\t\t<div class=\"elementor-column elementor-col-100 elementor-top-column elementor-element elementor-element-1b21gzo\" data-id=\"1b21gzo\" data-element_type=\"column\">\n\t\t\t<div class=\"elementor-column-wrap elementor-element-populated\">\n\t\t\t\t\t\t\t<div class=\"elementor-widget-wrap\">\n\t\t\t\t\t\t<section class=\"elementor-section elementor-inner-section elementor-element elementor-element-h3ujm5c elementor-section-boxed elementor-section-height-default elementor-section-height-default\" data-id=\"h3ujm5c\" data-element_type=\"section\">\n\t\t\t\t\t\t<div class=\"elementor-container elementor-column-gap-default\">\n\t\t\t\t\t\t\t<div class=\"elementor-row\">\n\t\t\t\t\t<div class=\"elementor-column elementor-col-50 elementor-inner-column elementor-element elementor-element-tnbbudr\" data-id=\"tnbbudr\" data-element_type=\"column\">\n\t\t\t<div class=\"elementor-column-wrap elementor-element-populated\">\n\t\t\t\t\t\t\t<div class=\"elementor-widget-wrap\">\n\t\t\t\t\t\t<div class=\"elementor-element elementor-element-bxxmvd8 elementor-widget elementor-widget-text-editor\" data-id=\"bxxmvd8\" data-element_type=\"widget\" data-widget_type=\"text-editor.default\">\n\t\t\t\t<div class=\"elementor-widget-container\">\n\t\t\t\t\t\t\t\t<div class=\"elementor-text-editor elementor-clearfix\">\n\t\t\t\t<p><span style=\"color: #9fd03b; font-family: georgia, palatino, serif; font-size: 12pt;\"><strong><span style=\"font-size: 18pt;\">W<\/span>ohlf\u00fchlen steht bei uns an erster Stelle! \u00a0 \u00a0 \u00a0 \u00a0 \u00a0 \u00a0 \u00a0 \u00a0 \u00a0\u00a0<\/strong><\/span><\/p><p><span style=\"color: #333333; font-family: georgia, palatino, serif; font-size: 12pt;\">Im Kinderhaus Sonnenschein soll Ihr Kind Freude und Spa\u00df erleben. Spielen macht Spa\u00df und ist die \u201eArbeit\u201c des Kindes. Darum steht bei uns die Freispielzeit im Mittelpunkt des Tages.<\/span><\/p>\t\t\t\t\t<\/div>\n\t\t\t\t\t\t<\/div>\n\t\t\t\t<\/div>\n\t\t\t\t\t\t<\/div>\n\t\t\t\t\t<\/div>\n\t\t<\/div>\n\t\t\t\t<div class=\"elementor-column elementor-col-50 elementor-inner-column elementor-element elementor-element-33v19ka\" data-id=\"33v19ka\" data-element_type=\"column\">\n\t\t\t<div class=\"elementor-column-wrap elementor-element-populated\">\n\t\t\t\t\t\t\t<div class=\"elementor-widget-wrap\">\n\t\t\t\t\t\t<div class=\"elementor-element elementor-element-0ii00zb elementor-widget elementor-widget-text-editor\" data-id=\"0ii00zb\" data-element_type=\"widget\" data-widget_type=\"text-editor.default\">\n\t\t\t\t<div class=\"elementor-widget-container\">\n\t\t\t\t\t\t\t\t<div class=\"elementor-text-editor elementor-clearfix\">\n\t\t\t\t<p><span style=\"color: #9fd03b; font-family: georgia, palatino, serif; font-size: 12pt;\"><strong><span style=\"font-size: 18pt;\">K<\/span>inder sind Pers\u00f6nlichkeiten und haben ein Recht auf Mitbestimmung!<\/strong><\/span><\/p><p><span style=\"color: #333333; font-family: georgia, palatino, serif; font-size: 12pt;\">Deshalb bieten wir Ihrem Kind R\u00e4ume, Material und Zeit an, um selbst\u00e4ndig zu entdecken. Kinder haben die M\u00f6glichkeit, ihre eigene Meinung und W\u00fcnsche \u2013 zum Beispiel in der Kinderkonferenz \u2013 zu \u00e4u\u00dfern.<\/span><\/p>\t\t\t\t\t<\/div>\n\t\t\t\t\t\t<\/div>\n\t\t\t\t<\/div>\n\t\t\t\t\t\t<\/div>\n\t\t\t\t\t<\/div>\n\t\t<\/div>\n\t\t\t\t\t\t\t\t<\/div>\n\t\t\t\t\t<\/div>\n\t\t<\/section>\n\t\t\t\t<section class=\"elementor-section elementor-inner-section elementor-element elementor-element-pm6vsv7 elementor-section-boxed elementor-section-height-default elementor-section-height-default\" data-id=\"pm6vsv7\" data-element_type=\"section\">\n\t\t\t\t\t\t<div class=\"elementor-container elementor-column-gap-default\">\n\t\t\t\t\t\t\t<div class=\"elementor-row\">\n\t\t\t\t\t<div class=\"elementor-column elementor-col-50 elementor-inner-column elementor-element elementor-element-rwfeyur\" data-id=\"rwfeyur\" data-element_type=\"column\">\n\t\t\t<div class=\"elementor-column-wrap elementor-element-populated\">\n\t\t\t\t\t\t\t<div class=\"elementor-widget-wrap\">\n\t\t\t\t\t\t<div class=\"elementor-element elementor-element-mck5oqq elementor-widget elementor-widget-text-editor\" data-id=\"mck5oqq\" data-element_type=\"widget\" data-widget_type=\"text-editor.default\">\n\t\t\t\t<div class=\"elementor-widget-container\">\n\t\t\t\t\t\t\t\t<div class=\"elementor-text-editor elementor-clearfix\">\n\t\t\t\t<p><span style=\"color: #9fd03b; font-family: georgia, palatino, serif; font-size: 12pt;\"><strong><span style=\"font-size: 18pt;\">D<\/span>er Weg ist das Ziel!<\/strong><\/span><\/p><p><span style=\"color: #333333; font-family: georgia, palatino, serif; font-size: 12pt;\">Ihr Kind kann kreativ sein beim Malen, Gestalten, Musizieren, Bauen und Experimentieren. Kreativit\u00e4t ist die F\u00e4higkeit,<\/span><br \/><span style=\"color: #333333; font-family: georgia, palatino, serif; font-size: 12pt;\">neue Wege zu suchen, zu sehen und zu gehen \u2013 beim Spielen und im menschlichen Miteinander.<\/span><\/p>\t\t\t\t\t<\/div>\n\t\t\t\t\t\t<\/div>\n\t\t\t\t<\/div>\n\t\t\t\t\t\t<\/div>\n\t\t\t\t\t<\/div>\n\t\t<\/div>\n\t\t\t\t<div class=\"elementor-column elementor-col-50 elementor-inner-column elementor-element elementor-element-m6su361\" data-id=\"m6su361\" data-element_type=\"column\">\n\t\t\t<div class=\"elementor-column-wrap elementor-element-populated\">\n\t\t\t\t\t\t\t<div class=\"elementor-widget-wrap\">\n\t\t\t\t\t\t<div class=\"elementor-element elementor-element-pji243i elementor-widget elementor-widget-text-editor\" data-id=\"pji243i\" data-element_type=\"widget\" data-widget_type=\"text-editor.default\">\n\t\t\t\t<div class=\"elementor-widget-container\">\n\t\t\t\t\t\t\t\t<div class=\"elementor-text-editor elementor-clearfix\">\n\t\t\t\t<p><span style=\"color: #9fd03b; font-family: georgia, palatino, serif; font-size: 12pt;\"><strong><span style=\"font-size: 18pt;\">G<\/span>emeinsam sind wir stark!<\/strong><\/span><\/p><p><span style=\"color: #333333; font-family: georgia, palatino, serif; font-size: 12pt;\">Ein gutes, ausgewogenes soziales Miteinander hei\u00dft f\u00fcr uns, Verantwortung f\u00fcr sich und andere zu \u00fcbernehmen. Im t\u00e4glichen Miteinander entstehende Konflikte gilt es<\/span><br \/><span style=\"color: #333333; font-family: georgia, palatino, serif; font-size: 12pt;\">durch kreative und selbstentwickelte L\u00f6sungsm\u00f6glichkeiten anzugehen.<\/span><\/p>\t\t\t\t\t<\/div>\n\t\t\t\t\t\t<\/div>\n\t\t\t\t<\/div>\n\t\t\t\t\t\t<\/div>\n\t\t\t\t\t<\/div>\n\t\t<\/div>\n\t\t\t\t\t\t\t\t<\/div>\n\t\t\t\t\t<\/div>\n\t\t<\/section>\n\t\t\t\t<div class=\"elementor-element elementor-element-nu733lt elementor-widget elementor-widget-text-editor\" data-id=\"nu733lt\" data-element_type=\"widget\" data-widget_type=\"text-editor.default\">\n\t\t\t\t<div class=\"elementor-widget-container\">\n\t\t\t\t\t\t\t\t<div class=\"elementor-text-editor elementor-clearfix\">\n\t\t\t\t<p><span style=\"color: #9fd03b; font-family: georgia, palatino, serif; font-size: 12pt;\"><strong><span style=\"font-size: 18pt;\">B<\/span>ildung: <\/strong><\/span><\/p><p><span style=\"color: #333333; font-family: georgia, palatino, serif; font-size: 12pt;\">Bildung und Erziehung vor der Schule findet ab dem ersten Kindergartentag statt. Was Kinder in den ersten sechs Jahren erfahren, entdecken, erforschen k\u00f6nnen und d\u00fcrfen, hat eine entscheidende Bedeutung. Durch vielf\u00e4ltiges und intensives Spiel ergeben sich wichtige Voraussetzungen und Grundlagen f\u00fcr gelungene Schulf\u00e4higkeit. Das Spiel ist im Bayerischen Kinderbildungs- und Betreuungsgesetz als wichtigstes Prinzip der Kindergartenp\u00e4dagogik aufgef\u00fchrt, es soll im Mittelpunkt des Kindergartenalltages stehen.<\/span><br \/><span style=\"color: #333333; font-family: georgia, palatino, serif; font-size: 12pt;\">Bei uns steht ganzheitliches Lernen im Vordergrund. Wir bieten eine Vielzahl von Bildungsanreizen und orientieren uns am Bayerischen Bildungs- und Erziehungsplan.<\/span><br \/><span style=\"color: #333333; font-family: georgia, palatino, serif; font-size: 12pt;\">F\u00fcr unsere Vorschulkinder findet jeden Donnerstag \u201eRudis Treff\u201c in der Gruppe oder gruppen\u00fcbergreifend statt. Hier werden besonders anspruchsvolle Themen oder Projekte umgesetzt. Ab Januar jeden Jahres bieten wir f\u00fcr die Vorschulkinder t\u00e4glich 10 Minuten das W\u00fcrzburger Trainingsprogramm an. Dabei werden die Kinder auf den Erwerb der Schriftsprache vorbereitet.<\/span><\/p><p><span style=\"color: #9fdd3b; font-family: georgia, palatino, serif; font-size: 12pt;\"><strong><span style=\"font-size: 18pt;\">B<\/span>ewegung: <\/strong><\/span><\/p><p><span style=\"color: #333333; font-family: georgia, palatino, serif; font-size: 12pt;\">Kinder haben einen nat\u00fcrlichen starken Bewegungsdrang, den sie befriedigen m\u00f6chten. Die Kinder d\u00fcrfen und sollen sich viel bewegen, ob frei (z.B. im Gang oder Garten) oder unter Anleitung (z.B. beim festen Turntag, den jede Gruppe hat).<\/span><br \/><span style=\"color: #333333; font-family: georgia, palatino, serif; font-size: 12pt;\">Bewegung tr\u00e4gt zum allgemeinen und zum gesundheitlichen Wohlbefinden des Kindes entscheidend bei, denn Leib und Seele geh\u00f6ren zusammen.<\/span><br \/><span style=\"color: #333333; font-family: georgia, palatino, serif; font-size: 12pt;\">Bei jedem Wetter ist Spielzeit im Garten angesagt. Spielger\u00e4te, Fahrzeuge, Lauf- und Bewegungsspiele machen den Kindern viel Spa\u00df.<\/span><\/p><p><span style=\"color: #000000; font-family: georgia, palatino, serif; font-size: 12pt;\">Wenn Sie einen tieferen Einblick in unseren p\u00e4dagogischen Alltag haben m\u00f6chten, k\u00f6nnen sie hier unser im Jahr 2018\/19 \u00fcberarbeitetes Konzept lesen. Sie finden es unter dem folgenden Link:<\/span><\/p><p><em><span style=\"font-size: 14pt;\"><a href=\"https:\/\/sonnenschein-wertingen.de\/wp-content\/uploads\/2021\/12\/Konzept-2019.pdf\" target=\"_blank\" rel=\"noopener\">Konzept 2019<\/a><\/span><\/em><\/p>\t\t\t\t\t<\/div>\n\t\t\t\t\t\t<\/div>\n\t\t\t\t<\/div>\n\t\t\t\t\t\t<\/div>\n\t\t\t\t\t<\/div>\n\t\t<\/div>\n\t\t\t\t\t\t\t\t<\/div>\n\t\t\t\t\t<\/div>\n\t\t<\/section>\n\t\t\t\t\t\t\t\t\t<\/div>\n\t\t\t<\/div>\n\t\t\t\t\t<\/div>\n\t\t","protected":false},"excerpt":{"rendered":"<p>Kinderwerkstatt (Keller) Wohlf\u00fchlen steht bei uns an erster Stelle! \u00a0 \u00a0 \u00a0 \u00a0 \u00a0 \u00a0 \u00a0 \u00a0 \u00a0\u00a0 Im Kinderhaus Sonnenschein soll Ihr Kind Freude und Spa\u00df erleben. Spielen macht Spa\u00df und ist die \u201eArbeit\u201c des Kindes. Darum steht bei&hellip; <\/p>\n","protected":false},"author":1,"featured_media":0,"parent":0,"menu_order":0,"comment_status":"closed","ping_status":"closed","template":"","meta":[],"_links":{"self":[{"href":"https:\/\/sonnenschein-wertingen.de\/index.php?rest_route=\/wp\/v2\/pages\/108"}],"collection":[{"href":"https:\/\/sonnenschein-wertingen.de\/index.php?rest_route=\/wp\/v2\/pages"}],"about":[{"href":"https:\/\/sonnenschein-wertingen.de\/index.php?rest_route=\/wp\/v2\/types\/page"}],"author":[{"embeddable":true,"href":"https:\/\/sonnenschein-wertingen.de\/index.php?rest_route=\/wp\/v2\/users\/1"}],"replies":[{"embeddable":true,"href":"https:\/\/sonnenschein-wertingen.de\/index.php?rest_route=%2Fwp%2Fv2%2Fcomments&post=108"}],"version-history":[{"count":39,"href":"https:\/\/sonnenschein-wertingen.de\/index.php?rest_route=\/wp\/v2\/pages\/108\/revisions"}],"predecessor-version":[{"id":1166,"href":"https:\/\/sonnenschein-wertingen.de\/index.php?rest_route=\/wp\/v2\/pages\/108\/revisions\/1166"}],"wp:attachment":[{"href":"https:\/\/sonnenschein-wertingen.de\/index.php?rest_route=%2Fwp%2Fv2%2Fmedia&parent=108"}],"curies":[{"name":"wp","href":"https:\/\/api.w.org\/{rel}","templated":true}]}}