{"id":112,"date":"2016-10-11T09:24:44","date_gmt":"2016-10-11T07:24:44","guid":{"rendered":"http:\/\/sonnenschein-wertingen.de\/?page_id=112"},"modified":"2021-11-11T10:34:11","modified_gmt":"2021-11-11T09:34:11","slug":"eltern","status":"publish","type":"page","link":"https:\/\/sonnenschein-wertingen.de\/?page_id=112","title":{"rendered":"Eltern"},"content":{"rendered":"\t\t<div data-elementor-type=\"wp-post\" data-elementor-id=\"112\" class=\"elementor elementor-112\">\n\t\t\t\t\t\t<div class=\"elementor-inner\">\n\t\t\t\t<div class=\"elementor-section-wrap\">\n\t\t\t\t\t\t\t\t\t<section class=\"elementor-section elementor-top-section elementor-element elementor-element-6e2e649 elementor-section-boxed elementor-section-height-default elementor-section-height-default\" data-id=\"6e2e649\" data-element_type=\"section\">\n\t\t\t\t\t\t<div class=\"elementor-container elementor-column-gap-default\">\n\t\t\t\t\t\t\t<div class=\"elementor-row\">\n\t\t\t\t\t<div class=\"elementor-column elementor-col-100 elementor-top-column elementor-element elementor-element-e382ac2\" data-id=\"e382ac2\" data-element_type=\"column\">\n\t\t\t<div class=\"elementor-column-wrap elementor-element-populated\">\n\t\t\t\t\t\t\t<div class=\"elementor-widget-wrap\">\n\t\t\t\t\t\t<div class=\"elementor-element elementor-element-89571c0 elementor-widget elementor-widget-text-editor\" data-id=\"89571c0\" data-element_type=\"widget\" data-widget_type=\"text-editor.default\">\n\t\t\t\t<div class=\"elementor-widget-container\">\n\t\t\t\t\t\t\t\t<div class=\"elementor-text-editor elementor-clearfix\">\n\t\t\t\t<p><span style=\"color: #9fdd3b; font-family: georgia,palatino,serif; font-size: 12pt;\"><strong><span style=\"font-size: 18pt;\">E<\/span>lternkooperation<\/strong><\/span><\/p><p><span style=\"color: #333333; font-family: georgia,palatino,serif; font-size: 12pt;\">Damit Eltern und Kinderhauspersonal sich in ihrer Aufgabe, Kinder zu betreuen, zu bilden und zu erziehen gut erg\u00e4nzen, bedarf es einer wertsch\u00e4tzenden Erziehungspartnerschaft. Wir wollen Eltern \u00fcber unsere Arbeitsweise und Konzeptschwerpunkte informieren. Nur durch gegenseitige Information und Verst\u00e4ndnis k\u00f6nnen wir den Bed\u00fcrfnissen der Kinder gerecht werden. \u201eGute Zusammenarbeit bringt Erfolge!\u201c<\/span><\/p><p><span style=\"font-family: georgia,palatino,serif; font-size: 12pt;\"><strong><span style=\"color: #9fdd3b;\"><span style=\"font-size: 18pt;\">E<\/span>lterngespr\u00e4che<\/span><\/strong><\/span><\/p><p><span style=\"color: #333333; font-family: georgia,palatino,serif; font-size: 12pt;\">Es finden j\u00e4hrliche Elterngespr\u00e4che zur Entwicklung des Kindes statt. Dabei steht die Entwicklung des Kindes im Mittelpunkt. Der Austausch von Beobachtungen verschafft beiden Seiten ein ganzheitliches Bild vom Kind. Bei Bedarf k\u00f6nnen nat\u00fcrlich auch weitere Gespr\u00e4che zur Beratung, Information oder zum Austausch vereinbart werden.<\/span><\/p><p><span style=\"font-family: georgia,palatino,serif; font-size: 12pt;\"><strong><span style=\"color: #9fdd3b;\"><span style=\"font-size: 18pt;\">E<\/span>lternbeirat<\/span><\/strong><\/span><\/p><p><span style=\"color: #333333; font-family: georgia,palatino,serif; font-size: 12pt;\">Dieser vertritt die Interessen der Eltern bei wichtigen Planungen und Entscheidungen. Der Elternbeirat fungiert als Bindeglied zwischen Eltern, Tr\u00e4ger und Team. Der Beirat unterst\u00fctzt das Team bei verschiedenen Aktionen, wie z.B. das Sommerfest. Dar\u00fcber hinaus werden eigene Aktionen geplant, wie B\u00fccherbasar oder Eltern Caf\u00e9. Je nach individuellem Engagement wird das Kinderhaus so zu einem Zentrum f\u00fcr Familien, in dem Kontakte gekn\u00fcpft und Netzwerke geschaffen werden.<\/span><\/p>\t\t\t\t\t<\/div>\n\t\t\t\t\t\t<\/div>\n\t\t\t\t<\/div>\n\t\t\t\t\t\t<\/div>\n\t\t\t\t\t<\/div>\n\t\t<\/div>\n\t\t\t\t\t\t\t\t<\/div>\n\t\t\t\t\t<\/div>\n\t\t<\/section>\n\t\t\t\t\t\t\t\t\t<\/div>\n\t\t\t<\/div>\n\t\t\t\t\t<\/div>\n\t\t","protected":false},"excerpt":{"rendered":"<p>Elternkooperation Damit Eltern und Kinderhauspersonal sich in ihrer Aufgabe, Kinder zu betreuen, zu bilden und zu erziehen gut erg\u00e4nzen, bedarf es einer wertsch\u00e4tzenden Erziehungspartnerschaft. Wir wollen Eltern \u00fcber unsere Arbeitsweise und Konzeptschwerpunkte informieren. Nur durch gegenseitige Information und Verst\u00e4ndnis k\u00f6nnen&hellip; <\/p>\n","protected":false},"author":1,"featured_media":0,"parent":0,"menu_order":0,"comment_status":"closed","ping_status":"closed","template":"","meta":[],"_links":{"self":[{"href":"https:\/\/sonnenschein-wertingen.de\/index.php?rest_route=\/wp\/v2\/pages\/112"}],"collection":[{"href":"https:\/\/sonnenschein-wertingen.de\/index.php?rest_route=\/wp\/v2\/pages"}],"about":[{"href":"https:\/\/sonnenschein-wertingen.de\/index.php?rest_route=\/wp\/v2\/types\/page"}],"author":[{"embeddable":true,"href":"https:\/\/sonnenschein-wertingen.de\/index.php?rest_route=\/wp\/v2\/users\/1"}],"replies":[{"embeddable":true,"href":"https:\/\/sonnenschein-wertingen.de\/index.php?rest_route=%2Fwp%2Fv2%2Fcomments&post=112"}],"version-history":[{"count":41,"href":"https:\/\/sonnenschein-wertingen.de\/index.php?rest_route=\/wp\/v2\/pages\/112\/revisions"}],"predecessor-version":[{"id":1128,"href":"https:\/\/sonnenschein-wertingen.de\/index.php?rest_route=\/wp\/v2\/pages\/112\/revisions\/1128"}],"wp:attachment":[{"href":"https:\/\/sonnenschein-wertingen.de\/index.php?rest_route=%2Fwp%2Fv2%2Fmedia&parent=112"}],"curies":[{"name":"wp","href":"https:\/\/api.w.org\/{rel}","templated":true}]}}