{"id":229,"date":"2017-01-17T09:29:14","date_gmt":"2017-01-17T08:29:14","guid":{"rendered":"http:\/\/sonnenschein-wertingen.de\/?page_id=229"},"modified":"2021-11-11T10:27:44","modified_gmt":"2021-11-11T09:27:44","slug":"aufnahmeverfahren-und-eingewoehnung","status":"publish","type":"page","link":"https:\/\/sonnenschein-wertingen.de\/?page_id=229","title":{"rendered":"Aufnahmeverfahren und Eingew\u00f6hnung"},"content":{"rendered":"\t\t<div data-elementor-type=\"wp-post\" data-elementor-id=\"229\" class=\"elementor elementor-229\">\n\t\t\t\t\t\t<div class=\"elementor-inner\">\n\t\t\t\t<div class=\"elementor-section-wrap\">\n\t\t\t\t\t\t\t\t\t<section class=\"elementor-section elementor-top-section elementor-element elementor-element-l43o6vt elementor-section-boxed elementor-section-height-default elementor-section-height-default\" data-id=\"l43o6vt\" data-element_type=\"section\">\n\t\t\t\t\t\t<div class=\"elementor-container elementor-column-gap-default\">\n\t\t\t\t\t\t\t<div class=\"elementor-row\">\n\t\t\t\t\t<div class=\"elementor-column elementor-col-50 elementor-top-column elementor-element elementor-element-3qqexjq\" data-id=\"3qqexjq\" data-element_type=\"column\">\n\t\t\t<div class=\"elementor-column-wrap elementor-element-populated\">\n\t\t\t\t\t\t\t<div class=\"elementor-widget-wrap\">\n\t\t\t\t\t\t<div class=\"elementor-element elementor-element-103vf71 image-border elementor-widget elementor-widget-image\" data-id=\"103vf71\" data-element_type=\"widget\" data-widget_type=\"image.default\">\n\t\t\t\t<div class=\"elementor-widget-container\">\n\t\t\t\t\t\t\t\t<div class=\"elementor-image\">\n\t\t\t\t\t\t\t\t\t\t\t\t<img width=\"642\" height=\"963\" src=\"https:\/\/sonnenschein-wertingen.de\/wp-content\/uploads\/2017\/01\/IMG_2168-683x1024.jpg\" class=\"attachment-large size-large\" alt=\"\" loading=\"lazy\" srcset=\"https:\/\/sonnenschein-wertingen.de\/wp-content\/uploads\/2017\/01\/IMG_2168-683x1024.jpg 683w, https:\/\/sonnenschein-wertingen.de\/wp-content\/uploads\/2017\/01\/IMG_2168-200x300.jpg 200w, https:\/\/sonnenschein-wertingen.de\/wp-content\/uploads\/2017\/01\/IMG_2168-768x1152.jpg 768w\" sizes=\"(max-width: 642px) 100vw, 642px\" \/>\t\t\t\t\t\t\t\t\t\t\t\t\t\t<\/div>\n\t\t\t\t\t\t<\/div>\n\t\t\t\t<\/div>\n\t\t\t\t\t\t<\/div>\n\t\t\t\t\t<\/div>\n\t\t<\/div>\n\t\t\t\t<div class=\"elementor-column elementor-col-50 elementor-top-column elementor-element elementor-element-3nyrybn\" data-id=\"3nyrybn\" data-element_type=\"column\">\n\t\t\t<div class=\"elementor-column-wrap elementor-element-populated\">\n\t\t\t\t\t\t\t<div class=\"elementor-widget-wrap\">\n\t\t\t\t\t\t<div class=\"elementor-element elementor-element-vz7m2ps elementor-widget elementor-widget-text-editor\" data-id=\"vz7m2ps\" data-element_type=\"widget\" data-widget_type=\"text-editor.default\">\n\t\t\t\t<div class=\"elementor-widget-container\">\n\t\t\t\t\t\t\t\t<div class=\"elementor-text-editor elementor-clearfix\">\n\t\t\t\t<p style=\"text-align: justify;\"><span style=\"font-size: 12pt; font-family: georgia, palatino, serif;\"><strong><span style=\"color: #9fdd3b;\">Damit aus Ihrem Kind ein Kindergartenkind wird, bieten wir folgende Angebote f\u00fcr Ihre Familie:<\/span><\/strong><\/span><\/p><p><span style=\"color: #333333; font-size: 12pt; font-family: georgia, palatino, serif;\"><strong><span style=\"font-size: 18pt;\">I<\/span>nfoabend:<\/strong> Den Termin des Elternabends bekommen Sie von der Stadt Wertingen mit der Zusage per Post. An diesem Abend sollten Sie sich, liebe Eltern, Zeit nehmen. Sie erfahren in welche Gruppe Ihr Kind kommt, lernen die Erzieherinnen kennen und erfahren mehr \u00fcber unseren p\u00e4dagogischen Alltag.<\/span><\/p><p><span style=\"color: #333333; font-size: 12pt; font-family: georgia, palatino, serif;\">\u00a0<\/span><\/p>\t\t\t\t\t<\/div>\n\t\t\t\t\t\t<\/div>\n\t\t\t\t<\/div>\n\t\t\t\t\t\t<\/div>\n\t\t\t\t\t<\/div>\n\t\t<\/div>\n\t\t\t\t\t\t\t\t<\/div>\n\t\t\t\t\t<\/div>\n\t\t<\/section>\n\t\t\t\t<section class=\"elementor-section elementor-top-section elementor-element elementor-element-36404c4 elementor-section-boxed elementor-section-height-default elementor-section-height-default\" data-id=\"36404c4\" data-element_type=\"section\">\n\t\t\t\t\t\t<div class=\"elementor-container elementor-column-gap-default\">\n\t\t\t\t\t\t\t<div class=\"elementor-row\">\n\t\t\t\t\t<div class=\"elementor-column elementor-col-100 elementor-top-column elementor-element elementor-element-8a0782b\" data-id=\"8a0782b\" data-element_type=\"column\">\n\t\t\t<div class=\"elementor-column-wrap elementor-element-populated\">\n\t\t\t\t\t\t\t<div class=\"elementor-widget-wrap\">\n\t\t\t\t\t\t<div class=\"elementor-element elementor-element-49e6414 elementor-widget elementor-widget-text-editor\" data-id=\"49e6414\" data-element_type=\"widget\" data-widget_type=\"text-editor.default\">\n\t\t\t\t<div class=\"elementor-widget-container\">\n\t\t\t\t\t\t\t\t<div class=\"elementor-text-editor elementor-clearfix\">\n\t\t\t\t<p><span style=\"color: #333333; font-family: georgia, palatino, serif; font-size: 12pt;\"><strong><span style=\"font-size: 18pt;\">P<\/span>ers\u00f6nliches Aufnahmegespr\u00e4ch:<\/strong> Damit der Start im September gut klappt ist eine Zusammenarbeit zwischen Eltern und Kinderhaus sehr wichtig. Deshalb vereinbart die Erzieherin beim Infoabend mit Ihnen einen Termin zu einem pers\u00f6nlichen Aufnahmegespr\u00e4ch.\u00a0\u00a0Die Erzieherin hat Zeit f\u00fcr ihre Fragen, aber auch wir k\u00f6nnen evtl. schon mehr \u00fcber Ihr Kind erfahren (was kann Ihr Kind schon, wo braucht es Unterst\u00fctzung, was spielt Ihr Kind gerne, wie l\u00e4sst es sich am besten tr\u00f6sten, was gibt es f\u00fcr Vorlieben und Gewohnheiten)<\/span><\/p><p><span style=\"font-family: georgia, palatino, serif; font-size: 12pt;\"><span style=\"font-size: 18pt;\"><strong><span style=\"color: #333333;\">S<\/span><\/strong><\/span><span style=\"color: #333333;\"><strong>chnuppertage:<\/strong> Jedes Kind ist anders und wird anders auf die neue Situation reagieren. Das eine Kind wird gleich selbst aktiv, das andere wartet ab, beobachtet oder ist \u00e4ngstlich. Deshalb bieten wir den Kindern mehrere Schnuppertage im Sommer bei uns an. Die Anwesenheit der Eltern ist nat\u00fcrlich erlaubt. Aber auch im September w\u00e4hrend der Eingew\u00f6hnungszeit k\u00f6nnen Sie Ihr Kind noch begleiten und mit in der Gruppe Ihres Kindes bleiben.<\/span><\/span><\/p>\t\t\t\t\t<\/div>\n\t\t\t\t\t\t<\/div>\n\t\t\t\t<\/div>\n\t\t\t\t\t\t<\/div>\n\t\t\t\t\t<\/div>\n\t\t<\/div>\n\t\t\t\t\t\t\t\t<\/div>\n\t\t\t\t\t<\/div>\n\t\t<\/section>\n\t\t\t\t\t\t\t\t\t<\/div>\n\t\t\t<\/div>\n\t\t\t\t\t<\/div>\n\t\t","protected":false},"excerpt":{"rendered":"<p>Damit aus Ihrem Kind ein Kindergartenkind wird, bieten wir folgende Angebote f\u00fcr Ihre Familie: Infoabend: Den Termin des Elternabends bekommen Sie von der Stadt Wertingen mit der Zusage per Post. An diesem Abend sollten Sie sich, liebe Eltern, Zeit nehmen.&hellip; <\/p>\n","protected":false},"author":1,"featured_media":0,"parent":0,"menu_order":0,"comment_status":"closed","ping_status":"closed","template":"","meta":[],"_links":{"self":[{"href":"https:\/\/sonnenschein-wertingen.de\/index.php?rest_route=\/wp\/v2\/pages\/229"}],"collection":[{"href":"https:\/\/sonnenschein-wertingen.de\/index.php?rest_route=\/wp\/v2\/pages"}],"about":[{"href":"https:\/\/sonnenschein-wertingen.de\/index.php?rest_route=\/wp\/v2\/types\/page"}],"author":[{"embeddable":true,"href":"https:\/\/sonnenschein-wertingen.de\/index.php?rest_route=\/wp\/v2\/users\/1"}],"replies":[{"embeddable":true,"href":"https:\/\/sonnenschein-wertingen.de\/index.php?rest_route=%2Fwp%2Fv2%2Fcomments&post=229"}],"version-history":[{"count":18,"href":"https:\/\/sonnenschein-wertingen.de\/index.php?rest_route=\/wp\/v2\/pages\/229\/revisions"}],"predecessor-version":[{"id":873,"href":"https:\/\/sonnenschein-wertingen.de\/index.php?rest_route=\/wp\/v2\/pages\/229\/revisions\/873"}],"wp:attachment":[{"href":"https:\/\/sonnenschein-wertingen.de\/index.php?rest_route=%2Fwp%2Fv2%2Fmedia&parent=229"}],"curies":[{"name":"wp","href":"https:\/\/api.w.org\/{rel}","templated":true}]}}