{"id":24,"date":"2016-10-10T14:43:05","date_gmt":"2016-10-10T12:43:05","guid":{"rendered":"http:\/\/sonnenschein-wertingen.de\/?page_id=24"},"modified":"2021-11-16T09:47:35","modified_gmt":"2021-11-16T08:47:35","slug":"kontakt","status":"publish","type":"page","link":"https:\/\/sonnenschein-wertingen.de\/?page_id=24","title":{"rendered":"Kontakt"},"content":{"rendered":"\t\t<div data-elementor-type=\"wp-post\" data-elementor-id=\"24\" class=\"elementor elementor-24\">\n\t\t\t\t\t\t<div class=\"elementor-inner\">\n\t\t\t\t<div class=\"elementor-section-wrap\">\n\t\t\t\t\t\t\t\t\t<section class=\"elementor-section elementor-top-section elementor-element elementor-element-1d92d289 elementor-section-boxed elementor-section-height-default elementor-section-height-default\" data-id=\"1d92d289\" data-element_type=\"section\">\n\t\t\t\t\t\t<div class=\"elementor-container elementor-column-gap-default\">\n\t\t\t\t\t\t\t<div class=\"elementor-row\">\n\t\t\t\t\t<div class=\"elementor-column elementor-col-100 elementor-top-column elementor-element elementor-element-2d35a0da\" data-id=\"2d35a0da\" data-element_type=\"column\">\n\t\t\t<div class=\"elementor-column-wrap elementor-element-populated\">\n\t\t\t\t\t\t\t<div class=\"elementor-widget-wrap\">\n\t\t\t\t\t\t<div class=\"elementor-element elementor-element-556e7c7f elementor-widget elementor-widget-text-editor\" data-id=\"556e7c7f\" data-element_type=\"widget\" data-widget_type=\"text-editor.default\">\n\t\t\t\t<div class=\"elementor-widget-container\">\n\t\t\t\t\t\t\t\t<div class=\"elementor-text-editor elementor-clearfix\">\n\t\t\t\t<p><strong><span style=\"font-size: 18pt;\"><span style=\"color: #000000; font-family: georgia, palatino, serif;\">KINDERHAUS SONNENSCHEIN<\/span><\/span><\/strong><\/p><p><span style=\"color: #000000; font-family: georgia, palatino, serif; font-size: 12pt;\">Dagmar Jettenberger<\/span><\/p><p><span style=\"color: #000000; font-family: georgia, palatino, serif; font-size: 12pt;\">Kalteck 2<\/span><br \/><span style=\"color: #000000; font-family: georgia, palatino, serif; font-size: 12pt;\"> 86637 Wertingen<\/span><\/p><p><span style=\"color: #000000; font-family: georgia, palatino, serif; font-size: 12pt;\">Telefon: 08272 2725<\/span><br \/><span style=\"color: #000000; font-family: georgia, palatino, serif; font-size: 12pt;\"><em> E-Mail:<\/em> <a href=\"mailto:kiha-sonnenschein@wertingen.org\">kiha-sonnenschein@wertingen.org<\/a><\/span><\/p><p><span style=\"font-family: georgia, palatino, serif; font-size: 18pt;\"><span style=\"color: #000000;\">\u00d6ffnungszeiten:<\/span><\/span><\/p><div class=\"textwidget\"><span style=\"color: #000000; font-family: georgia, palatino, serif; font-size: 12pt;\">Mo-Fr: 7:00 &#8211; 17:00 Uhr<\/span><\/div><div class=\"textwidget\"><span style=\"color: #000000; font-family: georgia, palatino, serif; font-size: 12pt;\">\u00a0<\/span><\/div><div class=\"textwidget\"><span style=\"color: #000000; font-family: georgia, palatino, serif; font-size: 18pt;\">Telefonzeiten:<\/span><\/div><div class=\"textwidget\"><span style=\"color: #000000; font-family: georgia, palatino, serif; font-size: 12pt;\">Mo-Fr: 7:00 &#8211; 9:00 Uhr<\/span><\/div><div class=\"textwidget\"><span style=\"color: #000000; font-family: georgia, palatino, serif; font-size: 12pt;\">Bitte sprechen Sie auf den Anrufbeantworter. Das Band wird regelm\u00e4\u00dfig abgeh\u00f6rt.<\/span><\/div><div class=\"textwidget\"><span style=\"color: #000000; font-family: georgia, palatino, serif; font-size: 12pt;\">\u00a0<\/span><\/div>\t\t\t\t\t<\/div>\n\t\t\t\t\t\t<\/div>\n\t\t\t\t<\/div>\n\t\t\t\t\t\t<\/div>\n\t\t\t\t\t<\/div>\n\t\t<\/div>\n\t\t\t\t\t\t\t\t<\/div>\n\t\t\t\t\t<\/div>\n\t\t<\/section>\n\t\t\t\t<section class=\"elementor-section elementor-top-section elementor-element elementor-element-ee994e7 elementor-section-boxed elementor-section-height-default elementor-section-height-default\" data-id=\"ee994e7\" data-element_type=\"section\">\n\t\t\t\t\t\t<div class=\"elementor-container elementor-column-gap-default\">\n\t\t\t\t\t\t\t<div class=\"elementor-row\">\n\t\t\t\t\t<div class=\"elementor-column elementor-col-100 elementor-top-column elementor-element elementor-element-ab1b1d0\" data-id=\"ab1b1d0\" data-element_type=\"column\">\n\t\t\t<div class=\"elementor-column-wrap elementor-element-populated\">\n\t\t\t\t\t\t\t<div class=\"elementor-widget-wrap\">\n\t\t\t\t\t\t<div class=\"elementor-element elementor-element-e80ad85 elementor-widget elementor-widget-google_maps\" data-id=\"e80ad85\" data-element_type=\"widget\" data-widget_type=\"google_maps.default\">\n\t\t\t\t<div class=\"elementor-widget-container\">\n\t\t\t\t\t<div class=\"elementor-custom-embed\">\n\t\t\t<iframe frameborder=\"0\" scrolling=\"no\" marginheight=\"0\" marginwidth=\"0\"\n\t\t\t\t\tsrc=\"https:\/\/maps.google.com\/maps?q=Kinderhaus%20Sonnenschein%2C%20Wertingen&#038;t=m&#038;z=16&#038;output=embed&#038;iwloc=near\"\n\t\t\t\t\ttitle=\"Kinderhaus Sonnenschein, Wertingen\"\n\t\t\t\t\taria-label=\"Kinderhaus Sonnenschein, Wertingen\"\n\t\t\t><\/iframe>\n\t\t<\/div>\n\t\t\t\t<\/div>\n\t\t\t\t<\/div>\n\t\t\t\t\t\t<\/div>\n\t\t\t\t\t<\/div>\n\t\t<\/div>\n\t\t\t\t\t\t\t\t<\/div>\n\t\t\t\t\t<\/div>\n\t\t<\/section>\n\t\t\t\t\t\t\t\t\t<\/div>\n\t\t\t<\/div>\n\t\t\t\t\t<\/div>\n\t\t","protected":false},"excerpt":{"rendered":"<p>KINDERHAUS SONNENSCHEIN Dagmar Jettenberger Kalteck 2 86637 Wertingen Telefon: 08272 2725 E-Mail: kiha-sonnenschein@wertingen.org \u00d6ffnungszeiten: Mo-Fr: 7:00 &#8211; 17:00 Uhr\u00a0Telefonzeiten:Mo-Fr: 7:00 &#8211; 9:00 UhrBitte sprechen Sie auf den Anrufbeantworter. Das Band wird regelm\u00e4\u00dfig abgeh\u00f6rt.\u00a0<\/p>\n","protected":false},"author":1,"featured_media":0,"parent":0,"menu_order":0,"comment_status":"closed","ping_status":"closed","template":"","meta":[],"_links":{"self":[{"href":"https:\/\/sonnenschein-wertingen.de\/index.php?rest_route=\/wp\/v2\/pages\/24"}],"collection":[{"href":"https:\/\/sonnenschein-wertingen.de\/index.php?rest_route=\/wp\/v2\/pages"}],"about":[{"href":"https:\/\/sonnenschein-wertingen.de\/index.php?rest_route=\/wp\/v2\/types\/page"}],"author":[{"embeddable":true,"href":"https:\/\/sonnenschein-wertingen.de\/index.php?rest_route=\/wp\/v2\/users\/1"}],"replies":[{"embeddable":true,"href":"https:\/\/sonnenschein-wertingen.de\/index.php?rest_route=%2Fwp%2Fv2%2Fcomments&post=24"}],"version-history":[{"count":19,"href":"https:\/\/sonnenschein-wertingen.de\/index.php?rest_route=\/wp\/v2\/pages\/24\/revisions"}],"predecessor-version":[{"id":1013,"href":"https:\/\/sonnenschein-wertingen.de\/index.php?rest_route=\/wp\/v2\/pages\/24\/revisions\/1013"}],"wp:attachment":[{"href":"https:\/\/sonnenschein-wertingen.de\/index.php?rest_route=%2Fwp%2Fv2%2Fmedia&parent=24"}],"curies":[{"name":"wp","href":"https:\/\/api.w.org\/{rel}","templated":true}]}}