{"id":644,"date":"2018-11-23T09:27:18","date_gmt":"2018-11-23T08:27:18","guid":{"rendered":"http:\/\/sonnenschein-wertingen.de\/?page_id=644"},"modified":"2021-11-11T10:32:06","modified_gmt":"2021-11-11T09:32:06","slug":"datenschutz","status":"publish","type":"page","link":"https:\/\/sonnenschein-wertingen.de\/?page_id=644","title":{"rendered":"Datenschutz"},"content":{"rendered":"\t\t<div data-elementor-type=\"wp-post\" data-elementor-id=\"644\" class=\"elementor elementor-644\">\n\t\t\t\t\t\t<div class=\"elementor-inner\">\n\t\t\t\t<div class=\"elementor-section-wrap\">\n\t\t\t\t\t\t\t\t\t<section class=\"elementor-section elementor-top-section elementor-element elementor-element-c493a21 elementor-section-boxed elementor-section-height-default elementor-section-height-default\" data-id=\"c493a21\" data-element_type=\"section\">\n\t\t\t\t\t\t<div class=\"elementor-container elementor-column-gap-default\">\n\t\t\t\t\t\t\t<div class=\"elementor-row\">\n\t\t\t\t\t<div class=\"elementor-column elementor-col-100 elementor-top-column elementor-element elementor-element-c1eb167\" data-id=\"c1eb167\" data-element_type=\"column\">\n\t\t\t<div class=\"elementor-column-wrap elementor-element-populated\">\n\t\t\t\t\t\t\t<div class=\"elementor-widget-wrap\">\n\t\t\t\t\t\t<div class=\"elementor-element elementor-element-01f7e7f elementor-widget elementor-widget-text-editor\" data-id=\"01f7e7f\" data-element_type=\"widget\" data-widget_type=\"text-editor.default\">\n\t\t\t\t<div class=\"elementor-widget-container\">\n\t\t\t\t\t\t\t\t<div class=\"elementor-text-editor elementor-clearfix\">\n\t\t\t\t<div class=\"page-header\" style=\"border-bottom-style: solid; border-bottom-color: #ffffff; color: #333333; font-family: arial, helvetica, sans-serif; font-size: 12.8128px; font-style: normal; font-weight: 400;\"><h2 style=\"margin-top: 10px; margin-bottom: 10px; font-family: inherit; line-height: 1.2em; text-rendering: optimizelegibility; font-size: 1.4em;\"><strong style=\"font-size: 12.8128px;\">Datenschutzerkl\u00e4rung\u00a0<\/strong><\/h2><\/div><div style=\"color: #333333; font-family: arial, helvetica, sans-serif; font-size: 12.8128px; font-style: normal; font-weight: 400;\"><p style=\"margin-bottom: 10px;\">Die Betreiber dieser Seiten nehmen den Schutz Ihrer pers\u00f6nlichen Daten sehr ernst. Wir behandeln Ihre<\/p><p style=\"margin-bottom: 10px;\">personenbezogenen Daten vertraulich und entsprechend der gesetzlichen Datenschutzvorschriften sowie<\/p><p style=\"margin-bottom: 10px;\">dieser Datenschutzerkl\u00e4rung.<\/p><p style=\"margin-bottom: 10px;\">Die Nutzung unserer Website ist in der Regel ohne Angabe personenbezogener Daten m\u00f6glich. Soweit<\/p><p style=\"margin-bottom: 10px;\">auf unseren Seiten personenbezogene Daten (beispielsweise Name, Anschrift oder E-Mail-Adressen)<\/p><p style=\"margin-bottom: 10px;\">erhoben werden, erfolgt dies, soweit m\u00f6glich, stets auf freiwilliger Basis. Diese Daten werden ohne Ihre<\/p><p style=\"margin-bottom: 10px;\">ausdr\u00fcckliche Zustimmung nicht an Dritte weitergegeben.<\/p><p style=\"margin-bottom: 10px;\">Wir weisen darauf hin, dass die Daten\u00fcbertragung im Internet (z.B. bei der Kommunikation per E-Mail)<\/p><p style=\"margin-bottom: 10px;\">Sicherheitsl\u00fccken aufweisen kann. Ein l\u00fcckenloser Schutz der Daten vor dem Zugriff durch Dritte ist nicht<\/p><p style=\"margin-bottom: 10px;\">m\u00f6glich.<\/p><p style=\"margin-bottom: 10px;\"><strong>Fragen an den Datenschutzbeauftragten<\/strong><\/p><p style=\"margin-bottom: 10px; font-family: arial, helvetica, sans-serif; font-size: 12.8128px; font-style: normal; font-weight: 400;\">Bei Fragen zum Datenschutz wenden Sie sich direkt an unseren Datenschutzbeauftragten.<\/p><p style=\"margin-bottom: 10px; font-family: arial, helvetica, sans-serif; font-size: 12.8128px; font-style: normal; font-weight: 400;\">Kontaktdaten:\u00a0<\/p><p style=\"margin-bottom: 10px; font-family: arial, helvetica, sans-serif; font-size: 12.8128px; font-style: normal; font-weight: 400;\">Landkreis Dillingen a.d.Donau<\/p><p style=\"margin-bottom: 10px; font-family: arial, helvetica, sans-serif; font-size: 12.8128px; font-style: normal; font-weight: 400;\">Gro\u00dfe Allee 24<\/p><p style=\"margin-bottom: 10px; font-family: arial, helvetica, sans-serif; font-size: 12.8128px; font-style: normal; font-weight: 400;\">89407 Dillingen a.d.Donau<\/p><p style=\"margin-bottom: 10px; font-family: arial, helvetica, sans-serif; font-size: 12.8128px; font-style: normal; font-weight: 400;\">E-Mail:\u00a0<span id=\"cloak92df1cfc2cfe0f73f168d9c4b1425d94\"><\/span><a style=\"color: #000000; text-decoration-line: underline;\" href=\"mailto:dsb-kommunal@landratsamt.dillingen.de\">dsb-kommunal@landratsamt.dillingen.de<\/a><\/p><p style=\"margin-bottom: 10px; font-family: arial, helvetica, sans-serif; font-size: 12.8128px; font-style: normal; font-weight: 400;\">Tel.: 09071 51-208<\/p><p style=\"margin-bottom: 10px;\"><strong>\u00a0<\/strong><\/p><p style=\"margin-bottom: 10px;\"><strong>Cookies<\/strong><\/p><p style=\"margin-bottom: 10px;\">Die Internetseiten verwenden teilweise so genannte Cookies. Cookies richten auf Ihrem Rechner keinen<\/p><p style=\"margin-bottom: 10px;\">Schaden an und enthalten keine Viren. Cookies dienen dazu, unser Angebot nutzerfreundlicher, effektiver<\/p><p style=\"margin-bottom: 10px;\">und sicherer zu machen. Cookies sind kleine Textdateien, die auf Ihrem Rechner abgelegt werden und<\/p><p style=\"margin-bottom: 10px;\">die Ihr Browser speichert.<\/p><p style=\"margin-bottom: 10px;\">Die meisten der von uns verwendeten Cookies sind so genannte \u201eSession-Cookies\u201c. Sie werden nach<\/p><p style=\"margin-bottom: 10px;\">Ende Ihres Besuchs automatisch gel\u00f6scht. Andere Cookies bleiben auf Ihrem Endger\u00e4t gespeichert, bis<\/p><p style=\"margin-bottom: 10px;\">Sie diese l\u00f6schen. Diese Cookies erm\u00f6glichen es uns, Ihren Browser beim n\u00e4chsten Besuch<\/p><p style=\"margin-bottom: 10px;\">wiederzuerkennen.<\/p><p style=\"margin-bottom: 10px;\">Sie k\u00f6nnen Ihren Browser so einstellen, dass Sie \u00fcber das Setzen von Cookies informiert werden und<\/p><p style=\"margin-bottom: 10px;\">Cookies nur im Einzelfall erlauben, die Annahme von Cookies f\u00fcr bestimmte F\u00e4lle oder generell<\/p><p style=\"margin-bottom: 10px;\">ausschlie\u00dfen sowie das automatische L\u00f6schen der Cookies beim Schlie\u00dfen des Browser aktivieren. Bei<\/p><p style=\"margin-bottom: 10px;\">der Deaktivierung von Cookies kann die Funktionalit\u00e4t dieser Website eingeschr\u00e4nkt sein.<\/p><p style=\"margin-bottom: 10px;\"><strong>\u00a0<\/strong><\/p><p style=\"margin-bottom: 10px;\"><strong>Server-Log-Files<\/strong><\/p><p style=\"margin-bottom: 10px;\">Der Provider der Seiten erhebt und speichert automatisch Informationen in so genannten Server-Log<\/p><p style=\"margin-bottom: 10px;\">Files, die Ihr Browser automatisch an uns \u00fcbermittelt. Dies sind:<\/p><ul style=\"margin-bottom: 10px; margin-left: 25px;\"><li style=\"line-height: 20px;\">Browsertyp und Browserversion<\/li><li style=\"line-height: 20px;\">verwendetes Betriebssystem<\/li><li style=\"line-height: 20px;\">Referrer URL<\/li><li style=\"line-height: 20px;\">Hostname des zugreifenden Rechners<\/li><li style=\"line-height: 20px;\">Uhrzeit der Serveranfrage<\/li><\/ul><p style=\"margin-bottom: 10px;\">Diese Daten sind nicht bestimmten Personen zuordenbar. Eine Zusammenf\u00fchrung dieser Daten mit<\/p><p style=\"margin-bottom: 10px;\">anderen Datenquellen wird nicht vorgenommen. Wir behalten uns vor, diese Daten nachtr\u00e4glich zu<\/p><p style=\"margin-bottom: 10px;\">pr\u00fcfen, wenn uns konkrete Anhaltspunkte f\u00fcr eine rechtswidrige Nutzung bekannt werden.<\/p><p style=\"margin-bottom: 10px;\"><strong>\u00a0<\/strong><\/p><p style=\"margin-bottom: 10px;\"><strong>Kontaktformular<\/strong><\/p><p style=\"margin-bottom: 10px;\">Wenn Sie uns per Kontaktformular Anfragen zukommen lassen, werden Ihre Angaben aus dem<\/p><p style=\"margin-bottom: 10px;\">Anfrageformular inklusive der von Ihnen dort angegebenen Kontaktdaten zwecks Bearbeitung der<\/p><p style=\"margin-bottom: 10px;\">Anfrage und f\u00fcr den Fall von Anschlussfragen bei uns gespeichert. Diese Daten geben wir nicht ohne Ihre<\/p><p style=\"margin-bottom: 10px;\">Einwilligung weiter.<\/p><p style=\"margin-bottom: 10px;\"><strong>\u00a0<\/strong><\/p><p style=\"margin-bottom: 10px;\"><strong>Google Analytics<\/strong><\/p><p style=\"margin-bottom: 10px;\">Diese Website nutzt Funktionen des Webanalysedienstes Google Analytics. Anbieter ist die Google Inc.,<\/p><p style=\"margin-bottom: 10px;\">1600 Amphitheatre Parkway Mountain View, CA 94043, USA.<\/p><p style=\"margin-bottom: 10px;\">Google Analytics verwendet so genannte &#8222;Cookies&#8220;. Das sind Textdateien, die auf Ihrem Computer<\/p><p style=\"margin-bottom: 10px;\">gespeichert werden und die eine Analyse der Benutzung der Website durch Sie erm\u00f6glichen. Die durch<\/p><p style=\"margin-bottom: 10px;\">den Cookie erzeugten Informationen \u00fcber Ihre Benutzung dieser Website werden in der Regel an einen<\/p><p style=\"margin-bottom: 10px;\">Server von Google in den USA \u00fcbertragen und dort gespeichert.<\/p><p style=\"margin-bottom: 10px;\"><strong>\u00a0<\/strong><\/p><p style=\"margin-bottom: 10px;\"><strong>IP Anonymisierung<\/strong><\/p><p style=\"margin-bottom: 10px;\">Wir haben auf dieser Website die Funktion IP-Anonymisierung aktiviert. Dadurch wird Ihre IP-Adresse von<\/p><p style=\"margin-bottom: 10px;\">Google innerhalb von Mitgliedstaaten der Europ\u00e4ischen Union oder in anderen Vertragsstaaten des<\/p><p style=\"margin-bottom: 10px;\">Abkommens \u00fcber den Europ\u00e4ischen Wirtschaftsraum vor der \u00dcbermittlung in die USA gek\u00fcrzt. Nur in<\/p><p style=\"margin-bottom: 10px;\">Ausnahmef\u00e4llen wird die volle IP-Adresse an einen Server von Google in den USA \u00fcbertragen und dort<\/p><p style=\"margin-bottom: 10px;\">gek\u00fcrzt. Im Auftrag des Betreibers dieser Website wird Google diese Informationen benutzen, um Ihre<\/p><p style=\"margin-bottom: 10px;\">Nutzung der Website auszuwerten, um Reports \u00fcber die Websiteaktivit\u00e4ten zusammenzustellen und um<\/p><p style=\"margin-bottom: 10px;\">weitere mit der Websitenutzung und der Internetnutzung verbundene Dienstleistungen gegen\u00fcber dem<\/p><p style=\"margin-bottom: 10px;\">Websitebetreiber zu erbringen. Die im Rahmen von Google Analytics von Ihrem Browser \u00fcbermittelte IPAdresse<\/p><p style=\"margin-bottom: 10px;\">wird nicht mit anderen Daten von Google zusammengef\u00fchrt.<\/p><p style=\"margin-bottom: 10px;\"><strong>\u00a0<\/strong><\/p><p style=\"margin-bottom: 10px;\"><strong>Browser Plugin<\/strong><\/p><p style=\"margin-bottom: 10px;\">Sie k\u00f6nnen die Speicherung der Cookies durch eine entsprechende Einstellung Ihrer Browser-Software<\/p><p style=\"margin-bottom: 10px;\">verhindern; wir weisen Sie jedoch darauf hin, dass Sie in diesem Fall gegebenenfalls nicht s\u00e4mtliche<\/p><p style=\"margin-bottom: 10px;\">Funktionen dieser Website vollumf\u00e4nglich werden nutzen k\u00f6nnen. Sie k\u00f6nnen dar\u00fcber hinaus die<\/p><p style=\"margin-bottom: 10px;\">Erfassung der durch den Cookie erzeugten und auf Ihre Nutzung der Website bezogenen Daten (inkl.<\/p><p style=\"margin-bottom: 10px;\">Ihrer IP-Adresse) an Google sowie die Verarbeitung dieser Daten durch Google verhindern, indem Sie<\/p><p style=\"margin-bottom: 10px;\">das unter dem folgenden Link verf\u00fcgbare Browser-Plugin herunterladen und installieren:<\/p><p style=\"margin-bottom: 10px;\">https:\/\/tools.google.com\/dlpage\/gaoptout?hl=de<\/p><p style=\"margin-bottom: 10px;\"><strong>\u00a0<\/strong><\/p><p style=\"margin-bottom: 10px;\"><strong>Widerspruch gegen Datenerfassung<\/strong><\/p><p style=\"margin-bottom: 10px;\">Sie k\u00f6nnen die Erfassung Ihrer Daten durch Google Analytics verhindern, indem Sie auf folgenden Link<\/p><p style=\"margin-bottom: 10px;\">klicken. Es wird ein Opt-Out-Cookie gesetzt, der die Erfassung Ihrer Daten bei zuk\u00fcnftigen Besuchen<\/p><p style=\"margin-bottom: 10px;\">dieser Website verhindert: Google Analytics deaktivieren<\/p><p style=\"margin-bottom: 10px;\">Mehr Informationen zum Umgang mit Nutzerdaten bei Google Analytics finden Sie in der<\/p><p style=\"margin-bottom: 10px;\">Datenschutzerkl\u00e4rung von Google:\u00a0<a style=\"color: #000000; text-decoration-line: underline;\" href=\"https:\/\/support.google.com\/analytics\/answer\/6004245?hl=de\">https:\/\/support.google.com\/analytics\/answer\/6004245?hl=de<\/a><\/p><p style=\"margin-bottom: 10px;\"><strong>\u00a0<\/strong><\/p><p style=\"margin-bottom: 10px;\"><strong>Auftragsdatenverarbeitung<\/strong><\/p><p style=\"margin-bottom: 10px;\">Wir haben mit Google einen Vertrag zur Auftragsdatenverarbeitung abgeschlossen und setzen die<\/p><p style=\"margin-bottom: 10px;\">strengen Vorgaben der deutschen Datenschutzbeh\u00f6rden bei der Nutzung von Google Analytics<\/p><p style=\"margin-bottom: 10px;\">vollst\u00e4ndig um.<\/p><p style=\"margin-bottom: 10px;\"><strong>\u00a0<\/strong><\/p><p style=\"margin-bottom: 10px;\"><strong>Demografische Merkmale bei Google Analytics<\/strong><\/p><p style=\"margin-bottom: 10px;\">Diese Website nutzt die Funktion \u201cdemografische Merkmale\u201d von Google Analytics. Dadurch k\u00f6nnen<\/p><p style=\"margin-bottom: 10px;\">Berichte erstellt werden, die Aussagen zu Alter, Geschlecht und Interessen der Seitenbesucher enthalten.<\/p><p style=\"margin-bottom: 10px;\">Diese Daten stammen aus interessenbezogener Werbung von Google sowie aus Besucherdaten von<\/p><p style=\"margin-bottom: 10px;\">Drittanbietern. Diese Daten k\u00f6nnen keiner bestimmten Person zugeordnet werden. Sie k\u00f6nnen diese<\/p><p style=\"margin-bottom: 10px;\">Funktion jederzeit \u00fcber die Anzeigeneinstellungen in Ihrem Google-Konto deaktivieren oder die Erfassung<\/p><p style=\"margin-bottom: 10px;\">Ihrer Daten durch Google Analytics wie im Punkt \u201cWiderspruch gegen Datenerfassung\u201d dargestellt<\/p><p style=\"margin-bottom: 10px;\">generell untersagen.<\/p><p style=\"margin-bottom: 10px;\"><strong>\u00a0<\/strong><\/p><p style=\"margin-bottom: 10px;\"><strong>Matomo<\/strong><\/p><p style=\"margin-bottom: 10px;\">Diese Website benutzt den Open Source Webanalysedienst Matomo. Matomo verwendet so genannte<\/p><p style=\"margin-bottom: 10px;\">&#8222;Cookies&#8220;. Das sind Textdateien, die auf Ihrem Computer gespeichert werden und die eine Analyse der<\/p><p style=\"margin-bottom: 10px;\">Benutzung der Website durch Sie erm\u00f6glichen. Dazu werden die durch den Cookie erzeugten<\/p><p style=\"margin-bottom: 10px;\">Informationen \u00fcber die Benutzung dieser Website auf unserem Server gespeichert. Die IP-Adresse wird<\/p><p style=\"margin-bottom: 10px;\">vor der Speicherung anonymisiert.<\/p><p style=\"margin-bottom: 10px;\">Die durch den Cookie erzeugten Informationen \u00fcber die Benutzung dieser Website werden nicht an Dritte<\/p><p style=\"margin-bottom: 10px;\">weitergegeben. Sie k\u00f6nnen die Speicherung der Cookies durch eine entsprechende Einstellung Ihrer<\/p><p style=\"margin-bottom: 10px;\">Browser-Software verhindern; wir weisen Sie jedoch darauf hin, dass Sie in diesem Fall gegebenenfalls<\/p><p style=\"margin-bottom: 10px;\">nicht s\u00e4mtliche Funktionen dieser Website vollumf\u00e4nglich werden nutzen k\u00f6nnen.<\/p><p style=\"margin-bottom: 10px;\">Wenn Sie mit der Speicherung und Nutzung Ihrer Daten nicht einverstanden sind, k\u00f6nnen Sie die<\/p><p style=\"margin-bottom: 10px;\">Speicherung und Nutzung hier deaktivieren. In diesem Fall wird in Ihrem Browser ein Opt-Out-Cookie<\/p><p style=\"margin-bottom: 10px;\">hinterlegt, der verhindert, dass Matomo Nutzungsdaten speichert. Wenn Sie Ihre Cookies l\u00f6schen, hat<\/p><p style=\"margin-bottom: 10px;\">dies zur Folge, dass auch das Matomo Opt-Out-Cookie gel\u00f6scht wird. Das Opt-Out muss bei einem<\/p><p style=\"margin-bottom: 10px;\">erneuten Besuch unserer Seite wieder aktiviert werden.<\/p><p style=\"margin-bottom: 10px;\"><strong>\u00a0<\/strong><\/p><p style=\"margin-bottom: 10px;\"><strong>Youtube<\/strong><\/p><p style=\"margin-bottom: 10px;\">Wir binden die Videos der Plattform \u201cYouTube\u201d des Anbieters Google LLC, 1600 Amphitheatre Parkway, Mountain View, CA 94043, USA, ein.<\/p><p style=\"margin-bottom: 10px;\">Datenschutzerkl\u00e4rung:\u00a0<a style=\"color: #000000; text-decoration-line: underline;\" href=\"https:\/\/policies.google.com\/privacy?hl=de\">https:\/\/policies.google.com\/privacy?hl=de<\/a><\/p><p style=\"margin-bottom: 10px;\">Durch die Nutzung dieser Website erkl\u00e4ren Sie sich mit der Erfassung, Bearbeitung sowie der Nutzung der automatisch erhobenen sowie der von Ihnen eingegeben Daten durch Google, einer seiner Vertreter, oder Drittanbieter einverstanden.<\/p><p style=\"margin-bottom: 10px;\">Nutzungsbedingungen:\u00a0<a style=\"color: #000000; text-decoration-line: underline;\" href=\"https:\/\/www.youtube.com\/static?gl=DE&amp;template=terms&amp;hl=de\">https:\/\/www.youtube.com\/static?gl=DE&amp;template=terms&amp;hl=de<\/a><\/p><p style=\"margin-bottom: 10px;\"><strong>\u00a0<\/strong><\/p><p style=\"margin-bottom: 10px;\"><strong>Google<\/strong>\u00a0<strong>Maps<\/strong><\/p><p style=\"margin-bottom: 10px;\">Wir binden die Landkarten des Dienstes \u201cGoogle Maps\u201d des Anbieters Google LLC, 1600 Amphitheatre Parkway, Mountain View, CA 94043, USA, ein.<\/p><p style=\"margin-bottom: 10px;\">Datenschutzerkl\u00e4rung:\u00a0<a style=\"color: #000000; text-decoration-line: underline;\" href=\"https:\/\/policies.google.com\/privacy?hl=de\">https:\/\/policies.google.com\/privacy?hl=de<\/a><\/p><p style=\"margin-bottom: 10px;\">Durch die Nutzung dieser Website erkl\u00e4ren Sie sich mit der Erfassung, Bearbeitung sowie der Nutzung der automatisch erhobenen sowie der von Ihnen eingegeben Daten durch Google, einer seiner Vertreter, oder Drittanbieter einverstanden.<\/p><p style=\"margin-bottom: 10px;\">Nutzungsbedinungen:\u00a0<a style=\"color: #000000; text-decoration-line: underline;\" href=\"https:\/\/www.google.com\/intl\/de_US\/help\/terms_maps.html\">https:\/\/www.google.com\/intl\/de_US\/help\/terms_maps.html<\/a><\/p><p style=\"margin-bottom: 10px;\"><strong>Google Fonts<\/strong><\/p><p style=\"margin-bottom: 10px;\">Wir binden die Schriftarten (\u201eGoogle Fonts\u201c) des Anbieters Google LLC, 1600 Amphitheatre Parkway, Mountain View, CA 94043, USA, ein.<\/p><p style=\"margin-bottom: 10px;\">Datenschutzerkl\u00e4rung:\u00a0<a style=\"color: #000000; text-decoration-line: underline;\" href=\"https:\/\/policies.google.com\/privacy?hl=de\">https:\/\/policies.google.com\/privacy?hl=de<\/a><\/p><p style=\"margin-bottom: 10px;\">Durch die Nutzung dieser Website erkl\u00e4ren Sie sich mit der Erfassung, Bearbeitung sowie der Nutzung der automatisch erhobenen sowie der von Ihnen eingegeben Daten durch Google, einer seiner Vertreter, oder Drittanbieter einverstanden.<\/p><p style=\"margin-bottom: 10px;\">Nutzungsbedingungen:\u00a0<a style=\"color: #000000; text-decoration-line: underline;\" href=\"https:\/\/policies.google.com\/terms?hl=de\">https:\/\/policies.google.com\/terms?hl=de<\/a><\/p><p style=\"margin-bottom: 10px;\"><strong>\u00a0<\/strong><\/p><p style=\"margin-bottom: 10px;\"><strong>SSL-Verschl\u00fcsselung<\/strong><\/p><p style=\"margin-bottom: 10px;\">Diese Seite nutzt aus Gr\u00fcnden der Sicherheit und zum Schutz der \u00dcbertragung vertraulicher Inhalte, wie<\/p><p style=\"margin-bottom: 10px;\">zum Beispiel der Anfragen, die Sie an uns als Seitenbetreiber senden, eine SSL-Verschl\u00fcsselung. Eine<\/p><p style=\"margin-bottom: 10px;\">verschl\u00fcsselte Verbindung erkennen Sie daran, dass die Adresszeile des Browsers von &#8222;http:\/\/&#8220; auf<\/p><p style=\"margin-bottom: 10px;\">&#8222;https:\/\/&#8220; wechselt und an dem Schloss-Symbol in Ihrer Browserzeile.<\/p><p style=\"margin-bottom: 10px;\">Wenn die SSL Verschl\u00fcsselung aktiviert ist, k\u00f6nnen die Daten, die Sie an uns \u00fcbermitteln, nicht von<\/p><p style=\"margin-bottom: 10px;\">Dritten mitgelesen werden.<\/p><p style=\"margin-bottom: 10px;\"><strong>Annahme verschl\u00fcsselter elektronischer Post<\/strong><\/p><p style=\"margin-bottom: 10px;\">Die Stadt Wertingen kann aus technischen und organisatorischen Gr\u00fcnden zurzeit noch keine verschl\u00fcsselten E-Mails entschl\u00fcsseln. Falls Sie uns vertrauliche Informationen senden wollen, bitten wir Sie, hierzu die Briefpost zu verwenden.<\/p><p style=\"margin-bottom: 10px;\"><strong>\u00a0<\/strong><\/p><p style=\"margin-bottom: 10px;\"><strong>Recht auf Auskunft, L\u00f6schung, Sperrung<\/strong><\/p><p style=\"margin-bottom: 10px;\">Sie haben jederzeit das Recht auf unentgeltliche Auskunft \u00fcber Ihre gespeicherten personenbezogenen<\/p><p style=\"margin-bottom: 10px;\">Daten, deren Herkunft und Empf\u00e4nger und den Zweck der Datenverarbeitung sowie ein Recht auf<\/p><p style=\"margin-bottom: 10px;\">Berichtigung, Sperrung oder L\u00f6schung dieser Daten. Hierzu sowie zu weiteren Fragen zum Thema<\/p><p style=\"margin-bottom: 10px;\">personenbezogene Daten k\u00f6nnen Sie sich jederzeit unter der im Impressum angegebenen Adresse an<\/p><p style=\"margin-bottom: 10px;\">uns wenden.<\/p><p style=\"margin-bottom: 10px;\"><span style=\"font-size: 8pt;\">Quelle:\u00a0<a style=\"color: #000000; text-decoration-line: underline;\" href=\"https:\/\/www.e-recht24.de\/muster-datenschutzerklaerung.html\">https:\/\/www.e-recht24.de\/muster-datenschutzerklaerung.htm<\/a><\/span><\/p><\/div>\t\t\t\t\t<\/div>\n\t\t\t\t\t\t<\/div>\n\t\t\t\t<\/div>\n\t\t\t\t\t\t<\/div>\n\t\t\t\t\t<\/div>\n\t\t<\/div>\n\t\t\t\t\t\t\t\t<\/div>\n\t\t\t\t\t<\/div>\n\t\t<\/section>\n\t\t\t\t\t\t\t\t\t<\/div>\n\t\t\t<\/div>\n\t\t\t\t\t<\/div>\n\t\t","protected":false},"excerpt":{"rendered":"<p>Datenschutzerkl\u00e4rung\u00a0 Die Betreiber dieser Seiten nehmen den Schutz Ihrer pers\u00f6nlichen Daten sehr ernst. Wir behandeln Ihre personenbezogenen Daten vertraulich und entsprechend der gesetzlichen Datenschutzvorschriften sowie dieser Datenschutzerkl\u00e4rung. Die Nutzung unserer Website ist in der Regel ohne Angabe personenbezogener Daten m\u00f6glich.&hellip; <\/p>\n","protected":false},"author":1,"featured_media":0,"parent":0,"menu_order":0,"comment_status":"closed","ping_status":"closed","template":"","meta":[],"_links":{"self":[{"href":"https:\/\/sonnenschein-wertingen.de\/index.php?rest_route=\/wp\/v2\/pages\/644"}],"collection":[{"href":"https:\/\/sonnenschein-wertingen.de\/index.php?rest_route=\/wp\/v2\/pages"}],"about":[{"href":"https:\/\/sonnenschein-wertingen.de\/index.php?rest_route=\/wp\/v2\/types\/page"}],"author":[{"embeddable":true,"href":"https:\/\/sonnenschein-wertingen.de\/index.php?rest_route=\/wp\/v2\/users\/1"}],"replies":[{"embeddable":true,"href":"https:\/\/sonnenschein-wertingen.de\/index.php?rest_route=%2Fwp%2Fv2%2Fcomments&post=644"}],"version-history":[{"count":9,"href":"https:\/\/sonnenschein-wertingen.de\/index.php?rest_route=\/wp\/v2\/pages\/644\/revisions"}],"predecessor-version":[{"id":879,"href":"https:\/\/sonnenschein-wertingen.de\/index.php?rest_route=\/wp\/v2\/pages\/644\/revisions\/879"}],"wp:attachment":[{"href":"https:\/\/sonnenschein-wertingen.de\/index.php?rest_route=%2Fwp%2Fv2%2Fmedia&parent=644"}],"curies":[{"name":"wp","href":"https:\/\/api.w.org\/{rel}","templated":true}]}}